{"id":81,"date":"2018-07-23T18:06:12","date_gmt":"2018-07-23T18:06:12","guid":{"rendered":"https:\/\/horat-arts.ch\/?page_id=81"},"modified":"2018-07-24T09:03:21","modified_gmt":"2018-07-24T09:03:21","slug":"messer","status":"publish","type":"page","link":"https:\/\/horat-arts.ch\/?page_id=81","title":{"rendered":"Messer"},"content":{"rendered":"<p><img loading=\"lazy\" decoding=\"async\" class=\"alignnone wp-image-100 size-full\" src=\"https:\/\/horat-arts.ch\/wp-content\/uploads\/2018\/07\/skizzennez.jpg\" alt=\"\" width=\"1242\" height=\"252\" srcset=\"https:\/\/horat-arts.ch\/wp-content\/uploads\/2018\/07\/skizzennez.jpg 1242w, https:\/\/horat-arts.ch\/wp-content\/uploads\/2018\/07\/skizzennez-300x61.jpg 300w, https:\/\/horat-arts.ch\/wp-content\/uploads\/2018\/07\/skizzennez-768x156.jpg 768w, https:\/\/horat-arts.ch\/wp-content\/uploads\/2018\/07\/skizzennez-1024x208.jpg 1024w\" sizes=\"auto, (max-width: 1242px) 100vw, 1242px\" \/><\/p>\n<p>Ich stelle meine Messer aus zugekauften Rohmaterialien her. Das bedeutet dass jede Klinge von mir entworfen, in Form geschliffen, sowie geh\u00e4rtet wird. Griffmaterialien verwende ich was sich als Griffmaterialen eignet, diese werden dann mit der Klinge verklebt und in Form gebracht.<\/p>\n<p>Meine feststehenden Messer sind grunds\u00e4tzlich mit durchgehendem Erl, Massiv und funktional.<\/p>\n<p>Auch wenn ich eine Vielzahl von Messerformen in verschiedensten Ausf\u00fchrungen mache, geh\u00f6rt meine Leidenschaft, den sogenannten Swing-Guard Klappmessern. Dieses alte Design, der Swingguard\u00a0 der sich beim \u00d6ffnen des Messers vor den Griff schwingt, sowie das verwegene Design, das dieser Messertyp hat, \u00fcben eine gro\u00dfe Anziehungskraft aus. F\u00fcr mich das Messer f\u00fcr jemanden der nicht anders sein will, sondern anders ist.<\/p>\n<p>Alle Messer werden komplett nach eigenen Entw\u00fcrfen gefertigt. Jedes Messer ist ein Unikat.<\/p>\n<p>Ich bevorzuge Rostfreie St\u00e4hle, RWL34, N690 oder Sb1 geh\u00f6ren zu diesen St\u00e4hlen, manchmal\u00a0stelle ich aber auch Messer aus konventionellen Kohlenstoff St\u00e4hlen her.<\/p>\n<p>Die meisten Arbeitsschritte sind reine Handarbeit, einige Arbeitsschritte mache ich aber an Maschinen, wo es Sinnvoll ist.<\/p>\n","protected":false},"excerpt":{"rendered":"<p>Ich stelle meine Messer aus zugekauften Rohmaterialien her. Das bedeutet dass jede Klinge von mir entworfen, in Form geschliffen, sowie geh\u00e4rtet wird. Griffmaterialien verwende ich was sich als Griffmaterialen eignet, diese werden dann mit der Klinge verklebt und in Form gebracht. Meine feststehenden Messer sind grunds\u00e4tzlich mit durchgehendem Erl, Massiv und funktional. Auch wenn ich &hellip; <\/p>\n<p><a class=\"more-link btn\" href=\"https:\/\/horat-arts.ch\/?page_id=81\">Weiterlesen<\/a><\/p>\n","protected":false},"author":1,"featured_media":0,"parent":0,"menu_order":2,"comment_status":"closed","ping_status":"closed","template":"","meta":{"footnotes":""},"class_list":["post-81","page","type-page","status-publish","hentry","nodate","item-wrap"],"_links":{"self":[{"href":"https:\/\/horat-arts.ch\/index.php?rest_route=\/wp\/v2\/pages\/81","targetHints":{"allow":["GET"]}}],"collection":[{"href":"https:\/\/horat-arts.ch\/index.php?rest_route=\/wp\/v2\/pages"}],"about":[{"href":"https:\/\/horat-arts.ch\/index.php?rest_route=\/wp\/v2\/types\/page"}],"author":[{"embeddable":true,"href":"https:\/\/horat-arts.ch\/index.php?rest_route=\/wp\/v2\/users\/1"}],"replies":[{"embeddable":true,"href":"https:\/\/horat-arts.ch\/index.php?rest_route=%2Fwp%2Fv2%2Fcomments&post=81"}],"version-history":[{"count":6,"href":"https:\/\/horat-arts.ch\/index.php?rest_route=\/wp\/v2\/pages\/81\/revisions"}],"predecessor-version":[{"id":113,"href":"https:\/\/horat-arts.ch\/index.php?rest_route=\/wp\/v2\/pages\/81\/revisions\/113"}],"wp:attachment":[{"href":"https:\/\/horat-arts.ch\/index.php?rest_route=%2Fwp%2Fv2%2Fmedia&parent=81"}],"curies":[{"name":"wp","href":"https:\/\/api.w.org\/{rel}","templated":true}]}}