{"id":79,"date":"2018-07-23T15:57:39","date_gmt":"2018-07-23T15:57:39","guid":{"rendered":"https:\/\/horat-arts.ch\/?page_id=79"},"modified":"2023-02-05T08:13:31","modified_gmt":"2023-02-05T08:13:31","slug":"about-me","status":"publish","type":"page","link":"https:\/\/horat-arts.ch\/?page_id=79","title":{"rendered":"About me"},"content":{"rendered":"<p><img loading=\"lazy\" decoding=\"async\" class=\"alignnone wp-image-94 size-medium\" src=\"https:\/\/horat-arts.ch\/wp-content\/uploads\/2018\/07\/ich-e1675584775741-300x291.jpg\" alt=\"\" width=\"300\" height=\"291\" srcset=\"https:\/\/horat-arts.ch\/wp-content\/uploads\/2018\/07\/ich-e1675584775741-300x291.jpg 300w, https:\/\/horat-arts.ch\/wp-content\/uploads\/2018\/07\/ich-e1675584775741-768x744.jpg 768w, https:\/\/horat-arts.ch\/wp-content\/uploads\/2018\/07\/ich-e1675584775741-750x727.jpg 750w, https:\/\/horat-arts.ch\/wp-content\/uploads\/2018\/07\/ich-e1675584775741.jpg 1013w\" sizes=\"auto, (max-width: 300px) 100vw, 300px\" \/><\/p>\n<p><strong>Herzlich Willkommen auf meiner Seite.<\/strong><\/p>\n<p>Mein Name ist \u00a0Ren\u00e9 Horat und ich fertige stilvolle Messer und andere kunstvolle Gegenst\u00e4nde an.<\/p>\n<p>Getrieben von Neugier und dem Hunger, etwas zu schaffen und der Begeisterung am Messer, habe ich irgendwann angefangen, Messer zu bauen. Da mir meine Ausbildung im Metallverarbeitenden Gewerbe dies wesentlich vereinfacht hat, bin ich schnell zu guten Ergebnissen gekommen. Trotzdem kommen immer wieder neue Ideen auf mich zu, so dass ich mich bis heute immer wieder neuen Herausforderungen stellen darf. Das macht dieses Hobby einzigartig und absolut bereichernd.<\/p>\n<p>F\u00fcr mich sind meine Messer nicht nur Messer, die eine bestimmte Funktion oder Qualit\u00e4t erf\u00fcllen, sie sind ein Teil von mir, ein St\u00fcck meines Lebens. Jedes Messer verbindet mich mit einer bestimmten Zeit oder Ereignisse in meinem Leben. Ich betrachte meine Messer als kleine Kunstwerke, die aber in erster Linie brauchbare Werkzeuge sind.<\/p>\n<p>Nebst dem Messer, das schon viele Disziplinen des k\u00fcnstlerischen Schaffens abdeckt, hege ich eine gro\u00dfe Leidenschaft f\u00fcr das Gie\u00dfen von Metallen. Der Prozess bis zum Ergebnis ist gepr\u00e4gt von hoher Unsicherheit \u00fcber den Erfolg des Projekts und erschlie\u00dft sich erst beim \u00d6ffnen der Form, bei dem sich die Skulpturen in ihrer Sch\u00f6nheit offenbaren. Dieses Spannungsfeld macht das Gie\u00dfen so interessant.<\/p>\n<p>Meine Philosophie ist es einzigartige, sch\u00f6ne und brauchbare Messer zu schaffen. Aus den Abf\u00e4llen der St\u00e4hle und Klingen entsteht kleiner Schmuck, meistens Anh\u00e4nger. Nichts soll weggeworfen werden.<\/p>\n<p>In der Galerie findet man auch vieles, das ich bereits hergestellt habe.<\/p>\n<p>Viel Spass beim St\u00f6bern \u2026<\/p>\n","protected":false},"excerpt":{"rendered":"<p>Herzlich Willkommen auf meiner Seite. Mein Name ist \u00a0Ren\u00e9 Horat und ich fertige stilvolle Messer und andere kunstvolle Gegenst\u00e4nde an. Getrieben von Neugier und dem Hunger, etwas zu schaffen und der Begeisterung am Messer, habe ich irgendwann angefangen, Messer zu bauen. Da mir meine Ausbildung im Metallverarbeitenden Gewerbe dies wesentlich vereinfacht hat, bin ich schnell &hellip; <\/p>\n<p><a class=\"more-link btn\" href=\"https:\/\/horat-arts.ch\/?page_id=79\">Weiterlesen<\/a><\/p>\n","protected":false},"author":1,"featured_media":0,"parent":0,"menu_order":1,"comment_status":"closed","ping_status":"closed","template":"","meta":{"footnotes":""},"class_list":["post-79","page","type-page","status-publish","hentry","nodate","item-wrap"],"_links":{"self":[{"href":"https:\/\/horat-arts.ch\/index.php?rest_route=\/wp\/v2\/pages\/79","targetHints":{"allow":["GET"]}}],"collection":[{"href":"https:\/\/horat-arts.ch\/index.php?rest_route=\/wp\/v2\/pages"}],"about":[{"href":"https:\/\/horat-arts.ch\/index.php?rest_route=\/wp\/v2\/types\/page"}],"author":[{"embeddable":true,"href":"https:\/\/horat-arts.ch\/index.php?rest_route=\/wp\/v2\/users\/1"}],"replies":[{"embeddable":true,"href":"https:\/\/horat-arts.ch\/index.php?rest_route=%2Fwp%2Fv2%2Fcomments&post=79"}],"version-history":[{"count":4,"href":"https:\/\/horat-arts.ch\/index.php?rest_route=\/wp\/v2\/pages\/79\/revisions"}],"predecessor-version":[{"id":535,"href":"https:\/\/horat-arts.ch\/index.php?rest_route=\/wp\/v2\/pages\/79\/revisions\/535"}],"wp:attachment":[{"href":"https:\/\/horat-arts.ch\/index.php?rest_route=%2Fwp%2Fv2%2Fmedia&parent=79"}],"curies":[{"name":"wp","href":"https:\/\/api.w.org\/{rel}","templated":true}]}}