{"id":7,"date":"2018-07-23T11:32:52","date_gmt":"2018-07-23T11:32:52","guid":{"rendered":"https:\/\/horat-arts.ch\/?page_id=7"},"modified":"2018-07-23T21:01:59","modified_gmt":"2018-07-23T21:01:59","slug":"impressum-datenschutz","status":"publish","type":"page","link":"https:\/\/horat-arts.ch\/?page_id=7","title":{"rendered":"Impressum &#038; Datenschutz"},"content":{"rendered":"<p><strong>Impressum<\/strong><\/p>\n<p>Inhaber<\/p>\n<p>Ren\u00e9 Horat<\/p>\n<p>Hueb<\/p>\n<p>Wald<\/p>\n<p>Schweiz<\/p>\n<p>Kontakt info(\u00e4t)horat-arts(punkt)ch<\/p>\n<p><strong>Datenschutzerkl\u00e4rung<\/strong><\/p>\n<p>Gest\u00fctzt auf Artikel 13 der schweizerischen Bundesverfassung und die datenschutzrechtlichen Bestimmungen des Bundes (Datenschutzgesetz, DSG) hat jede Person Anspruch auf Schutz ihrer Privatsph\u00e4re sowie auf Schutz vor Missbrauch ihrer pers\u00f6nlichen Daten. Wir halten diese Bestimmungen ein. Pers\u00f6nliche Daten werden streng vertraulich behandelt und weder an Dritte verkauft noch weiter gegeben.<\/p>\n<p>In enger Zusammenarbeit mit unseren Hosting-Providern bem\u00fchen wir uns, die Datenbanken so gut wie m\u00f6glich vor fremden Zugriffen, Verlusten, Missbrauch oder vor F\u00e4lschung zu sch\u00fctzen.<\/p>\n<p>Unser Hosting-Provider befindet sich in der Schweiz. Unsere Website und s\u00e4mtliche Datenbanken sowie unsere Sicherheits-Backups liegen ausschliesslich auf Servern und Computer, welche sich in der Schweiz befinden. Wir nutzen keine Anwendungen, welche Datenbanken von Drittanbietern nutzen.<\/p>\n<p>Beim Zugriff auf unsere Webseiten werden folgende Daten in Logfiles gespeichert: IP-Adresse, Datum, Uhrzeit, Browser-Anfrage und allg. \u00fcbertragene Informationen zum Betriebssystem resp. Browser. Diese Nutzungsdaten bilden die Basis f\u00fcr statistische, anonyme Auswertungen, so dass Trends erkennbar sind, anhand derer wir unsere Angebote entsprechend verbessern k\u00f6nnen.<\/p>\n<p>Wir behalten uns vor, diese Datenschutzerkl\u00e4rung jederzeit anzupassen.<\/p>\n<p><strong>Cookies<\/strong><\/p>\n<p>Diese Website verwendet Cookies. Cookies sind kleine Textdateien, die beim Besuch dieser Website in Ihrem Computer dauerhaft oder tempor\u00e4r gespeichert werden. Zweck der Cookies ist insbesondere die Analyse der Nutzung dieser Website zur statistischen Auswertung sowie f\u00fcr kontinuierliche Verbesserungen.<\/p>\n<p>In Ihrem Browser k\u00f6nnen Sie Cookies in den Einstellungen jederzeit ganz oder teilweise deaktivieren. Bei deaktivierten Cookies stehen Ihnen allenfalls nicht mehr alle Funktionen dieser Website zur Verf\u00fcgung. Zus\u00e4tzlich haben Sie die M\u00f6glichkeit Script-Blocker und Add-Blocker im Browser zu installieren.<\/p>\n<p>Ihre Zustimmung zur Verwendung von Cookies beim ersten Besuch auf eine unserer Webseiten setzt in Ihrem Browser ein Cookie, das sich Ihre Zustimmung f\u00fcr die Dauer eines Monats merkt. Im Anschluss m\u00fcssten Sie die Zustimmung zur Verwendung von Cookies bei einem weiteren Besuch auf unseren Webseiten erneuern.<\/p>\n<p>In den Einstellungen Ihres Internet-Browsers haben Sie die M\u00f6glichkeit s\u00e4mtliche Browserdaten jederzeit zu l\u00f6schen oder den Browser so zu konfigurieren, dass er beim Schlie\u00dfen diese automatisch l\u00f6scht.<\/p>\n<p><strong>Newsletter<\/strong><\/p>\n<p>Ich verschicke keine Newsletters<\/p>\n<p><strong>YouTube-Videos<\/strong><\/p>\n<p>Bei den eingebetteten YouTube-Videos ist der erweiterte Datenschutzmodus aktiviert. Dies bedeutet, dass YouTube keine Informationen \u00fcber Nutzer unserer Website sammelt, es sei denn Sie schauen sich ein Video auf unserer Website an.<\/p>\n<p>Sobald Sie ein eingebettetes Video anklicken,\u00a0 wird eine Verbindung zu den Servern von YouTube, geh\u00f6rig zur Google Inc., ans\u00e4ssig in San Bruno\/Kalifornien, USA aufgebaut. Dabei wird dem YouTube-Server mitgeteilt, welche spezielle Seite unserer Internetpr\u00e4senz von Ihnen besucht wurde. Sollten Sie obendrein in Ihrem YouTube-Account eingeloggt sein, w\u00fcrden Sie es YouTube erm\u00f6glichen, Ihr Surfverhalten direkt Ihrem pers\u00f6nlichen Profil zuzuordnen. Sie k\u00f6nnen diese M\u00f6glichkeit der Zuordnung zunichtemachen, wenn Sie sich vorher aus Ihrem Account ausloggen. Weitere Informationen zur Erhebung und Nutzung Ihrer Daten durch YouTube erhalten Sie in den dortigen Hinweisen zum Datenschutz unter www.youtube.com.<\/p>\n<p>&nbsp;<\/p>\n<p><strong>Links zu anderen Websites<\/strong><\/p>\n<p>Diese Datenschutzerkl\u00e4rung gilt nur f\u00fcr diese Website, nicht jedoch f\u00fcr Websites, die sich im Besitz Dritter befinden. Wir setzen Links zu anderen Websites, die f\u00fcr unsere Besucherinnen und Besucher interessant sein k\u00f6nnten. Wir bem\u00fchen uns sicherzustellen, dass solche Websites h\u00f6chsten Anforderungen gen\u00fcgen. Aufgrund der Natur des Internets ist es uns jedoch nicht m\u00f6glich, den Datenschutzstandard aller mit einem Link versehenen Websites zu garantieren oder Haftung f\u00fcr deren Inhalt zu \u00fcbernehmen. Diese Datenschutzerkl\u00e4rung findet keine Anwendung auf mit einem Link versehene Websites, die sich nicht in Besitz und Kontrolle von da bux befinden.<\/p>\n<p><strong>Social Media<\/strong><\/p>\n<p>Die Buttons im Kopfbereich unserer Webseiten f\u00fchren per Link zu den horat-arts Seiten auf Facebook, Instagram und YouTube. Es gelten dieselben Bedingungen wie oben \u201cLinks zu anderen Websites\u201d. Wir verzichten auf Anwendungen, die Inhalte unserer Webseiten per Knopfdruck mit Social Media teilen, liken oder verkn\u00fcpfen.<\/p>\n<p><strong>Kontakt<\/strong><\/p>\n<p>Ich verzichte auf ein Kontaktformular. Den Kontakt finden Sie im Impressum. Damit findet die Kommunikation zwischen Ihnen und horat-arts losgel\u00f6st von meiner Webseite statt. F\u00fcr R\u00fcckfragen speichern wir Ihre elektronischen Nachrichten und somit auch Ihre E-Mail-Adresse dauerhaft.<\/p>\n<p><strong>Recht auf Zugang, Berichtigung oder Widerspruch<\/strong><\/p>\n<p>Falls Sie sich bez\u00fcglich der Verwendung Ihrer pers\u00f6nlichen Daten mit uns in Verbindung setzen oder der Verarbeitung Ihrer pers\u00f6nlichen Daten widersprechen m\u00f6chten, senden Sie uns bitte eine E-Mail an die oben genannte Emailadresse Bitte nennen Sie dabei die konkreten Daten, die wir f\u00fcr Sie berichtigen, aktualisieren oder l\u00f6schen sollen.<\/p>\n","protected":false},"excerpt":{"rendered":"<p>Impressum Inhaber Ren\u00e9 Horat Hueb Wald Schweiz Kontakt info(\u00e4t)horat-arts(punkt)ch Datenschutzerkl\u00e4rung Gest\u00fctzt auf Artikel 13 der schweizerischen Bundesverfassung und die datenschutzrechtlichen Bestimmungen des Bundes (Datenschutzgesetz, DSG) hat jede Person Anspruch auf Schutz ihrer Privatsph\u00e4re sowie auf Schutz vor Missbrauch ihrer pers\u00f6nlichen Daten. Wir halten diese Bestimmungen ein. Pers\u00f6nliche Daten werden streng vertraulich behandelt und weder an &hellip; <\/p>\n<p><a class=\"more-link btn\" href=\"https:\/\/horat-arts.ch\/?page_id=7\">Weiterlesen<\/a><\/p>\n","protected":false},"author":1,"featured_media":0,"parent":0,"menu_order":7,"comment_status":"closed","ping_status":"closed","template":"","meta":{"footnotes":""},"class_list":["post-7","page","type-page","status-publish","hentry","nodate","item-wrap"],"_links":{"self":[{"href":"https:\/\/horat-arts.ch\/index.php?rest_route=\/wp\/v2\/pages\/7","targetHints":{"allow":["GET"]}}],"collection":[{"href":"https:\/\/horat-arts.ch\/index.php?rest_route=\/wp\/v2\/pages"}],"about":[{"href":"https:\/\/horat-arts.ch\/index.php?rest_route=\/wp\/v2\/types\/page"}],"author":[{"embeddable":true,"href":"https:\/\/horat-arts.ch\/index.php?rest_route=\/wp\/v2\/users\/1"}],"replies":[{"embeddable":true,"href":"https:\/\/horat-arts.ch\/index.php?rest_route=%2Fwp%2Fv2%2Fcomments&post=7"}],"version-history":[{"count":4,"href":"https:\/\/horat-arts.ch\/index.php?rest_route=\/wp\/v2\/pages\/7\/revisions"}],"predecessor-version":[{"id":20,"href":"https:\/\/horat-arts.ch\/index.php?rest_route=\/wp\/v2\/pages\/7\/revisions\/20"}],"wp:attachment":[{"href":"https:\/\/horat-arts.ch\/index.php?rest_route=%2Fwp%2Fv2%2Fmedia&parent=7"}],"curies":[{"name":"wp","href":"https:\/\/api.w.org\/{rel}","templated":true}]}}