{"id":619,"date":"2023-11-25T09:28:38","date_gmt":"2023-11-25T09:28:38","guid":{"rendered":"https:\/\/horat-arts.ch\/?page_id=619"},"modified":"2024-02-04T10:15:17","modified_gmt":"2024-02-04T10:15:17","slug":"agb","status":"publish","type":"page","link":"https:\/\/horat-arts.ch\/?page_id=619","title":{"rendered":"AGB"},"content":{"rendered":"\n<ol class=\"wp-block-list\">\n<li>Vertragspartner<br>Die folgenden Liefer- und Versandbedingungen (AGB) werden zwischen Anbieter und dem Besteller \/ Kunden vereinbart.<\/li>\n\n\n\n<li>Vertragsgegenstand<br>Der Anbieter offeriert dem Kunden die angebotenen Produkte und durch den Kunden bestellten Waren zu den nachstehend aufgef\u00fchrten Liefer- und Versandbedingungen (AGB). Diese allgemeinen Gesch\u00e4ftsbedingungen gelten f\u00fcr alle Gesch\u00e4ftsbeziehungen zwischen dem Anbieter und dem Kunden in der jeweiligen, zum Zeitpunkt des Vertragsschlusses aktuellen Fassung, eine Anpassung der AGB durch den Anbieter ist jederzeit m\u00f6glich. Diese Allgemeinen Gesch\u00e4ftsbedingungen gelten ausschliesslich. Entgegenstehende oder von unseren Gesch\u00e4ftsbedingungen abweichende Bedingungen werden grunds\u00e4tzlich nicht anerkannt, es sei denn, diese werden im Einzelfall ausdr\u00fccklich und schriftlich vereinbart.<\/li>\n\n\n\n<li>Vertragsabschluss<br>Die Pr\u00e4sentation der Produkte und Dienstleistungen im von Horat-arts Online ist stets freibleibend und gilt als Einladung zur Offertstellung. Die Bestellungen sind f\u00fcr den Besteller verbindlich. Der Vertrag zwischen dem Kunden und dem Anbieter kommt durch einen Auftrag des Kunden und dessen Annahme durch den Anbieter zustande.Bestellungen sind f\u00fcr Horat-arts erst nach schriftlicher Auftragsbest\u00e4tigung verbindlich. Mit dem Absenden einer Bestellung best\u00e4tigt der Kunde seine Vollj\u00e4hrigkeit oder die Einwilligung des gesetzlichen Vertreters. Mit seiner Bestellung akzeptiert der Kunde ausdr\u00fccklich diese AGB als Grundlage des Vertrages. Wird nach der Auftragsbest\u00e4tigung festgestellt, dass die Auslieferung der Ware nicht m\u00f6glich ist oder ein Preisfehler vorlag, wird die Bestellung storniert<\/li>\n\n\n\n<li>Angebot und Anspruch<br>Trotz Anwendung gr\u00f6sster Sorgfalt k\u00f6nnen irrt\u00fcmlich falsche Angaben nicht v\u00f6llig ausgeschlossen werden. S\u00e4mtliche Angaben und Abbildungen zu den Waren sowie Informationen \u00fcber die voraussichtliche Lieferfrist und verf\u00fcgbare St\u00fcckzahlen die der Kunde im Rahmen des Bestellvorganges erh\u00e4lt, sind unverbindlich. Insbesondere sind \u00c4nderungen in Design und Technik, welche die Funktionalit\u00e4t einer Ware verbessern, sowie Irrtum bei Beschreibung, Abbildung und Preisangabe vorbehalten. Der Anbieter liefert die Ware immer so lange vorr\u00e4tig oder auf Bestellung in Absprache.Bei nachtr\u00e4glichen Preis- oder Liefer\u00e4nderungen wird der Kunde jedoch so rasch als m\u00f6glich informiert und kann als Folge dessen vom Auftrag zur\u00fccktreten.<\/li>\n\n\n\n<li>WAFFENGESETZ<br>Unsere Produkte sind nach schweizerischem Waffengesetz frei verk\u00e4uflich. Ausl\u00e4ndische Kunden werden gebeten bei Bestellung das \u00f6rtliche Waffengesetz zu beachten. Sie sind f\u00fcr die Einfuhr der Ware in das gew\u00fcnschte Land selbst verantwortlich.<\/li>\n\n\n\n<li>Verpackung und Versandspesen<br>Alle Bestellungen werden sorgf\u00e4ltig und sicher verpackt und mit der Schweizer Post verschickt. Sofern nicht anders vereinbart, erfolgt die Lieferung an die von Ihnen angegebene Lieferadresse. Alternativ kann der Kunde die Ware direkt bei mir abholen.<\/li>\n\n\n\n<li>Export \/ Zollgeb\u00fchren<br>Bei Wareneinfuhren in L\u00e4nder ausserhalb der Schweiz k\u00f6nnen Einfuhrabgaben anfallen, die der Kunde zu tragen hat. F\u00fcr die ordnungsgem\u00e4sse Zollabfertigung und Bezahlung der entsprechenden Geb\u00fchren ist der Kunde verantwortlich. Einfuhrabgaben, Z\u00f6lle und Geb\u00fchren sind nicht Bestandteil der Versandkosten.<\/li>\n\n\n\n<li>Beanstandung der Lieferung<br>In Art oder Anzahl falsch gelieferte Waren, sowie zum Zeitpunkt des Gefahr\u00fcbergangs mangelhafte oder defekte Artikel werden zur\u00fcckgenommen oder ersetzt, sofern Sie uns umgehend nach Erhalt der mangelhaften Lieferung \u00fcber den Sachverhalt informieren und den beanstandeten Artikel unge\u00f6ffnet, ungenutzt und im Originalzustand (inkl. Originalverpackung) retournieren. Die Versandkosten tr\u00e4gt der Absender.<\/li>\n\n\n\n<li>Haftungsausschluss und Gew\u00e4hrleistung<br>Der Anbieter leistet Gew\u00e4hr daf\u00fcr, dass die Produkte im Zeitpunkt des Versandes unbesch\u00e4digt sind. Jede weitere Gew\u00e4hrleistung f\u00fcr die gelieferten Produkte und jede Haftung f\u00fcr Sch\u00e4den, welche durch diese Produkte verursacht werden, ist ausgeschlossen, es sei denn der Anbieter h\u00e4tte die betreffenden Produktem\u00e4ngel arglistig verschwiegen. Insbesondere leistet der Anbieter keine Gew\u00e4hr daf\u00fcr, dass die Produkte f\u00fcr die vom Besteller geplante Verwendung geeignet sind oder ein bestimmtes Ergebnis bewirken. Der Anbieter haftet nur f\u00fcr direkte Sch\u00e4den, die durch eine vors\u00e4tzliche oder grobfahrl\u00e4ssige eigene Handlung entstehen. Die Haftung beschr\u00e4nkt sich dabei auf den Kaufpreis. Eine Haftung f\u00fcr direkte Sch\u00e4den bei leichtem Verschulden \u2013 gleich aus welchem Rechtsgrund \u2013 ist unter Vorbehalt zwingender gesetzlicher Bestimmungen ausdr\u00fccklich ausgeschlossen. Eine Haftung f\u00fcr indirekte Sch\u00e4den oder f\u00fcr Folgesch\u00e4den \u2013 gleich aus welchem Rechtsgrund \u2013 ist ausgeschlossen. Der Versand und Nutzung der Ware erfolgt immer auf Gefahr des Kunden. Insbesondere haftet der Anbieter nicht f\u00fcr Sch\u00e4den, die auf Abn\u00fctzung, Bedienungsfehler, unsachgem\u00e4ssen Gebrauch, \u00e4ussere Einfl\u00fcsse, Nichteinhalten von Sicherheitsvorkehrungen, Fremdeingriff oder produktespzifischen Verschleiss zur\u00fcckzuf\u00fchren sind oder f\u00fcr Sch\u00e4den, die nicht am Liefergegenstand selbst entstanden sind (Mangelfolgesch\u00e4den).<\/li>\n\n\n\n<li>ZAHLUNG  Sie haben die M\u00f6glichkeit auf Rechnung zu bezahlen, bei uns unbekannten Kunden und bei h\u00f6heren Betr\u00e4gen, erlauben wir uns Vorauskasse zu verlangen. Wir helfen Ihnen gerne, die beste L\u00f6sung zur Bestellungsabwicklung zu finden.<\/li>\n\n\n\n<li>Gerichtsstand und anwendbares Recht<br>Alle im Zusammenhang mit den vorliegenden AGB stehenden Streitigkeiten unterstehen schweizerischem Recht. Der Kunde akzeptiert Z\u00fcrich als ausschliesslichen Gerichtsstand (gilt auch f\u00fcr das Friedensrichter- und Betreibungsamt).<\/li>\n\n\n\n<li>Salvatorische Klausel<br>Sollten einzelne Bestimmungen dieser AGB ganz oder teilweise nichtig und\/oder unwirksam sein, bleibt die G\u00fcltigkeit und\/oder Wirksamkeit der \u00fcbrigen Bestimmungen oder Teile solcher Bestimmungen unber\u00fchrt. Die ung\u00fcltigen und\/oder unwirksamen Bestimmungen werden durch solche ersetzt, die dem Sinn und Zweck der ung\u00fcltigen und\/oder unwirksamen Bestimmungen in rechtwirksamer Weise wirtschaftlich am n\u00e4chsten kommt. Das gleiche gilt bei eventuellen L\u00fccken der Regelung.<\/li>\n<\/ol>\n","protected":false},"excerpt":{"rendered":"","protected":false},"author":1,"featured_media":0,"parent":0,"menu_order":7,"comment_status":"closed","ping_status":"closed","template":"","meta":{"footnotes":""},"class_list":["post-619","page","type-page","status-publish","hentry","nodate","item-wrap"],"_links":{"self":[{"href":"https:\/\/horat-arts.ch\/index.php?rest_route=\/wp\/v2\/pages\/619","targetHints":{"allow":["GET"]}}],"collection":[{"href":"https:\/\/horat-arts.ch\/index.php?rest_route=\/wp\/v2\/pages"}],"about":[{"href":"https:\/\/horat-arts.ch\/index.php?rest_route=\/wp\/v2\/types\/page"}],"author":[{"embeddable":true,"href":"https:\/\/horat-arts.ch\/index.php?rest_route=\/wp\/v2\/users\/1"}],"replies":[{"embeddable":true,"href":"https:\/\/horat-arts.ch\/index.php?rest_route=%2Fwp%2Fv2%2Fcomments&post=619"}],"version-history":[{"count":2,"href":"https:\/\/horat-arts.ch\/index.php?rest_route=\/wp\/v2\/pages\/619\/revisions"}],"predecessor-version":[{"id":639,"href":"https:\/\/horat-arts.ch\/index.php?rest_route=\/wp\/v2\/pages\/619\/revisions\/639"}],"wp:attachment":[{"href":"https:\/\/horat-arts.ch\/index.php?rest_route=%2Fwp%2Fv2%2Fmedia&parent=619"}],"curies":[{"name":"wp","href":"https:\/\/api.w.org\/{rel}","templated":true}]}}